{"id":515,"date":"2016-10-14T08:13:24","date_gmt":"2016-10-14T08:13:24","guid":{"rendered":"http:\/\/www.nicdarkthemes.com\/themes\/wedding\/wp\/demo\/wedding-planner\/?page_id=515"},"modified":"2023-05-31T14:19:53","modified_gmt":"2023-05-31T14:19:53","slug":"about-us-2","status":"publish","type":"page","link":"https:\/\/tosadori-fashion-design.com\/de\/about-us-2\/","title":{"rendered":"\u00fcber uns"},"content":{"rendered":"<div class=\"vc_row wpb_row vc_row-fluid vc_custom_1467207274037\"><div class=\"wpb_column vc_column_container vc_col-sm-2\"><div class=\"vc_column-inner vc_custom_1467360650255\"><div class=\"wpb_wrapper\"><\/div><\/div><\/div><div class=\"wpb_column vc_column_container vc_col-sm-8\"><div class=\"vc_column-inner vc_custom_1467207292391\"><div class=\"wpb_wrapper\"> <h2 style=\"color:;padding:px;text-align:center;font-size:40px;line-height:45px;letter-spacing: px;font-weight:bold\" class=\"nd_options_text_align_center_responsive_important nd_options_first_font\">\"Label f\u00fcr kleine limitierte Serien. Unabh\u00e4ngig von der Saison. Nicht serienm\u00e4\u00dfig hergestellt. Individuell anpassbar durch unsere Werkstatt.\"<\/h2> <\/div><\/div><\/div><div class=\"wpb_column vc_column_container vc_col-sm-2\"><div class=\"vc_column-inner\"><div class=\"wpb_wrapper\"><\/div><\/div><\/div><\/div><div class=\"vc_row wpb_row vc_row-fluid vc_column-gap-10 vc_row-o-full-height vc_row-o-columns-middle vc_row-o-equal-height vc_row-flex\"><div class=\"wpb_column vc_column_container vc_col-sm-3\"><div class=\"vc_column-inner\"><div class=\"wpb_wrapper\">\n\t<div  class=\"wpb_single_image wpb_content_element vc_align_left\">\n\t\t\n\t\t<figure class=\"wpb_wrapper vc_figure\">\n\t\t\t<div class=\"vc_single_image-wrapper   vc_box_border_grey\"><img loading=\"lazy\" decoding=\"async\" class=\"vc_single_image-img\" src=\"https:\/\/tosadori-fashion-design.com\/wp-content\/uploads\/2023\/03\/54-susan-wilkinson-zp6wHVSm-0c-unsplash-300x300.jpg\" width=\"300\" height=\"300\" alt=\"Silk Fabric Wrinkled\" title=\"54-susan-wilkinson-zp6wHVSm-0c-unsplash\" \/><\/div>\n\t\t<\/figure>\n\t<\/div>\n<div class=\"vc_empty_space\"   style=\"height: 32px\"><span class=\"vc_empty_space_inner\"><\/span><\/div>\n\t<div class=\"wpb_text_column wpb_content_element  scroll400\" >\n\t\t<div class=\"wpb_wrapper\">\n\t\t\t<h2 style=\"text-align: center;\"><strong>Unternehmen<\/strong><\/h2>\n<p>&nbsp;<\/p>\n<p>&nbsp;<\/p>\n<p class=\"translation-block\">\"Isabella Tosadori repr\u00e4sentiert ein kreatives Modelabel, das sich durch die Verwendung von hochwertigen Materialien bei der Herstellung exklusiver Kleidungsst\u00fccke auszeichnet.\nUnsere Produkte sind so konzipiert, dass sie unseren Kunden eine vielseitige und stilvolle Option f\u00fcr jedes Event und jeden Anlass \u00fcber viele Jahre hinweg bieten.\n\"Ob leger oder schick: h\u00fcllen Sie sich in Luxus<\/p>\n\n\t\t<\/div>\n\t<\/div>\n<div class=\"vc_empty_space\"   style=\"height: 20px\"><span class=\"vc_empty_space_inner\"><\/span><\/div><div class=\"vc_btn3-container  wpb_animate_when_almost_visible wpb_slideInUp slideInUp vc_btn3-inline\" ><a class=\"vc_general vc_btn3 vc_btn3-size-md vc_btn3-shape-rounded vc_btn3-style-modern vc_btn3-color-grey\" href=\"https:\/\/tosadori-fashion-design.com\/de\/contact-2\/\" title=\"Kontakt\" target=\"_blank\">Kontakt<\/a><\/div><\/div><\/div><\/div><div class=\"wpb_column vc_column_container vc_col-sm-3\"><div class=\"vc_column-inner\"><div class=\"wpb_wrapper\">\n\t<div  class=\"wpb_single_image wpb_content_element vc_align_left\">\n\t\t\n\t\t<figure class=\"wpb_wrapper vc_figure\">\n\t\t\t<div class=\"vc_single_image-wrapper   vc_box_border_grey\"><img loading=\"lazy\" decoding=\"async\" class=\"vc_single_image-img\" src=\"https:\/\/tosadori-fashion-design.com\/wp-content\/uploads\/2023\/03\/55-kristina-petrick-liJ5irOt8BM-unsplash-300x300.jpg\" width=\"300\" height=\"300\" alt=\"Women Fashion With Bag\" title=\"55-kristina-petrick-liJ5irOt8BM-unsplash\" \/><\/div>\n\t\t<\/figure>\n\t<\/div>\n<div class=\"vc_empty_space\"   style=\"height: 32px\"><span class=\"vc_empty_space_inner\"><\/span><\/div>\n\t<div class=\"wpb_text_column wpb_content_element  scroll400\" >\n\t\t<div class=\"wpb_wrapper\">\n\t\t\t<h2 style=\"text-align: center;\"><strong>Philosophie<\/strong><\/h2>\n<p>&nbsp;<\/p>\n<p>&nbsp;<\/p>\n<p class=\"nd_options_margin_0_important\" style=\"text-align: left;\">Wir produzieren Mode, die nicht nur langlebig ist, sondern auch durch ihre hochwertigen Materialien, zeitlosen und au\u00dfergew\u00f6hnlichen Designs sowie exzellenten Passformen begeistert.\nDas Design ist elegant mit raffinierten Details.\nUnsere Passformen sind so konzipiert, dass sie die nat\u00fcrlichen Vorteile und Sch\u00f6nheit unserer Kunden betonen und ihre Figur schmeicheln.<\/p>\n\n\t\t<\/div>\n\t<\/div>\n<div class=\"vc_empty_space\"   style=\"height: 20px\"><span class=\"vc_empty_space_inner\"><\/span><\/div><div class=\"vc_btn3-container  wpb_animate_when_almost_visible wpb_slideInUp slideInUp vc_btn3-inline\" ><a class=\"vc_general vc_btn3 vc_btn3-size-md vc_btn3-shape-rounded vc_btn3-style-modern vc_btn3-color-grey\" href=\"https:\/\/tosadori-fashion-design.com\/de\/contact-2\/\" title=\"Kontakt\" target=\"_blank\">Kontakt<\/a><\/div><\/div><\/div><\/div><div class=\"wpb_column vc_column_container vc_col-sm-3\"><div class=\"vc_column-inner\"><div class=\"wpb_wrapper\">\n\t<div  class=\"wpb_single_image wpb_content_element vc_align_left\">\n\t\t\n\t\t<figure class=\"wpb_wrapper vc_figure\">\n\t\t\t<div class=\"vc_single_image-wrapper   vc_box_border_grey\"><img loading=\"lazy\" decoding=\"async\" class=\"vc_single_image-img\" src=\"https:\/\/tosadori-fashion-design.com\/wp-content\/uploads\/2023\/03\/Ateleria-haupes-I7iJOE4fsYo-unsplash-300x300.jpg\" width=\"300\" height=\"300\" alt=\"Atelier\" title=\"Ateleria-haupes-I7iJOE4fsYo-unsplash\" \/><\/div>\n\t\t<\/figure>\n\t<\/div>\n<div class=\"vc_empty_space\"   style=\"height: 32px\"><span class=\"vc_empty_space_inner\"><\/span><\/div>\n\t<div class=\"wpb_text_column wpb_content_element  scroll400\" >\n\t\t<div class=\"wpb_wrapper\">\n\t\t\t<h2 style=\"text-align: center;\"><strong>Entwurf<\/strong><\/h2>\n<p>&nbsp;<\/p>\n<p>&nbsp;<\/p>\n<p class=\"nd_options_margin_0_important\" style=\"text-align: left;\">Die ausgebildete Modedesignerin Isabella Tosadori ist das kreative Gehirn hinter der jungen Marke.\nInspiriert von der Sch\u00f6nheit des sonnigen S\u00fcdens entwirft Isabella Tosadori in ihrem eigenen Studio elegante Kleidung mit raffinierten Details. Der elegante Stil der Designerin wird von ihren italienischen Wurzeln beeinflusst.\nKlassisches Design gepaart mit Modekreativit\u00e4t - Unsere Expertise basiert auf vielen Jahren Erfahrung im High-End-Segment der Modeindustrie.<\/p>\n\n\t\t<\/div>\n\t<\/div>\n<div class=\"vc_empty_space\"   style=\"height: 20px\"><span class=\"vc_empty_space_inner\"><\/span><\/div><div class=\"vc_btn3-container  wpb_animate_when_almost_visible wpb_slideInUp slideInUp vc_btn3-inline\" ><a class=\"vc_general vc_btn3 vc_btn3-size-md vc_btn3-shape-rounded vc_btn3-style-modern vc_btn3-color-grey\" href=\"https:\/\/tosadori-fashion-design.com\/de\/contact-2\/\" title=\"Kontakt\" target=\"_blank\">Kontakt<\/a><\/div><\/div><\/div><\/div><div class=\"wpb_column vc_column_container vc_col-sm-3\"><div class=\"vc_column-inner\"><div class=\"wpb_wrapper\">\n\t<div  class=\"wpb_single_image wpb_content_element vc_align_left\">\n\t\t\n\t\t<figure class=\"wpb_wrapper vc_figure\">\n\t\t\t<div class=\"vc_single_image-wrapper   vc_box_border_grey\"><img loading=\"lazy\" decoding=\"async\" class=\"vc_single_image-img\" src=\"https:\/\/tosadori-fashion-design.com\/wp-content\/uploads\/2023\/03\/57-liudmila-shuvalova-0EHJJYcMuXQ-unsplash-300x300.jpg\" width=\"300\" height=\"300\" alt=\"Lama On Mountainside\" title=\"57-liudmila-shuvalova-0EHJJYcMuXQ-unsplash\" \/><\/div>\n\t\t<\/figure>\n\t<\/div>\n<div class=\"vc_empty_space\"   style=\"height: 32px\"><span class=\"vc_empty_space_inner\"><\/span><\/div>\n\t<div class=\"wpb_text_column wpb_content_element  scroll400\" >\n\t\t<div class=\"wpb_wrapper\">\n\t\t\t<h2 style=\"text-align: center;\"><strong>Herstellung<\/strong><\/h2>\n<p>&nbsp;<\/p>\n<p>&nbsp;<\/p>\n<p class=\"nd_options_margin_0_important\" style=\"text-align: left;\">Wir entwerfen Kleidungsst\u00fccke, die in limitierten Editionen produziert werden und einen zeitlosen Appeal haben, der \u00fcber die Saison hinausgeht. W\u00e4hrend wir einzigartige Details integrieren, sind die meisten unserer Designs einzigartig.\nDer Gro\u00dfteil unserer Materialauswahl besteht aus hochwertigen Naturfasern.\nWir denken nachhaltig und produzieren Mode, die die Ressourcen der Natur, Menschen und Tiere verantwortungsvoll verwaltet.<\/p>\n\n\t\t<\/div>\n\t<\/div>\n<div class=\"vc_empty_space\"   style=\"height: 20px\"><span class=\"vc_empty_space_inner\"><\/span><\/div><div class=\"vc_btn3-container  wpb_animate_when_almost_visible wpb_slideInUp slideInUp vc_btn3-inline\" ><a class=\"vc_general vc_btn3 vc_btn3-size-md vc_btn3-shape-rounded vc_btn3-style-modern vc_btn3-color-grey\" href=\"https:\/\/tosadori-fashion-design.com\/de\/contact-2\/\" title=\"Kontakt\" target=\"_blank\">Kontakt<\/a><\/div><\/div><\/div><\/div><\/div><div data-vc-full-width=\"true\" data-vc-full-width-init=\"false\" data-vc-parallax=\"1.25\" data-vc-parallax-image=\"https:\/\/tosadori-fashion-design.com\/wp-content\/uploads\/2023\/03\/52-andrey-zvyagintsev-HiDFZMT8Z5s-unsplash.jpg\" class=\"vc_row wpb_row vc_row-fluid nd_options_vc_parallax_filter_2_2 vc_custom_1679675723158 vc_row-has-fill vc_row-o-full-height vc_row-o-columns-middle vc_row-flex vc_general vc_parallax vc_parallax-content-moving\"><div class=\"wpb_column vc_column_container vc_col-sm-2\"><div class=\"vc_column-inner\"><div class=\"wpb_wrapper\"><\/div><\/div><\/div><div class=\"wpb_column vc_column_container vc_col-sm-8\"><div class=\"vc_column-inner\"><div class=\"wpb_wrapper\"><div style=\"background-color:;height: 70px\" class=\"nicdark_section\"><\/div>\n\t<div class=\"wpb_text_column wpb_content_element  txtw\" >\n\t\t<div class=\"wpb_wrapper\">\n\t\t\t<h2 class=\"nd_options_font_size_60 nd_options_line_height_50\"><span style=\"color: #ffffff;\"><strong>Mode ist nicht nur Kleidung, Mode ist eine Einstellung, eine Art zu leben und eine Form der Kunst.<\/strong><\/span><\/h2>\n\n\t\t<\/div>\n\t<\/div>\n<div style=\"background-color:;height: 70px\" class=\"nicdark_section\"><\/div><\/div><\/div><\/div><div class=\"wpb_column vc_column_container vc_col-sm-2\"><div class=\"vc_column-inner\"><div class=\"wpb_wrapper\"><\/div><\/div><\/div><\/div><div class=\"vc_row-full-width vc_clearfix\"><\/div>","protected":false},"excerpt":{"rendered":"Label for small limited series. Not season based. Not serialized. Customizable through our workshop COMPANY &nbsp; &nbsp; Isabella Tosadori represents a creative fashion label that stands out for its use of high-quality materials in the creation of exclusive garments. Our products are designed to provide our customers with a versatile and stylish option to wear [...]","protected":false},"author":1,"featured_media":0,"parent":0,"menu_order":0,"comment_status":"closed","ping_status":"closed","template":"","meta":{"footnotes":""},"_links":{"self":[{"href":"https:\/\/tosadori-fashion-design.com\/de\/wp-json\/wp\/v2\/pages\/515"}],"collection":[{"href":"https:\/\/tosadori-fashion-design.com\/de\/wp-json\/wp\/v2\/pages"}],"about":[{"href":"https:\/\/tosadori-fashion-design.com\/de\/wp-json\/wp\/v2\/types\/page"}],"author":[{"embeddable":true,"href":"https:\/\/tosadori-fashion-design.com\/de\/wp-json\/wp\/v2\/users\/1"}],"replies":[{"embeddable":true,"href":"https:\/\/tosadori-fashion-design.com\/de\/wp-json\/wp\/v2\/comments?post=515"}],"version-history":[{"count":22,"href":"https:\/\/tosadori-fashion-design.com\/de\/wp-json\/wp\/v2\/pages\/515\/revisions"}],"predecessor-version":[{"id":1402,"href":"https:\/\/tosadori-fashion-design.com\/de\/wp-json\/wp\/v2\/pages\/515\/revisions\/1402"}],"wp:attachment":[{"href":"https:\/\/tosadori-fashion-design.com\/de\/wp-json\/wp\/v2\/media?parent=515"}],"curies":[{"name":"wp","href":"https:\/\/api.w.org\/{rel}","templated":true}]}}