{"id":487,"date":"2016-10-13T13:21:45","date_gmt":"2016-10-13T13:21:45","guid":{"rendered":"http:\/\/www.nicdarkthemes.com\/themes\/wedding\/wp\/demo\/wedding-planner\/?page_id=487"},"modified":"2023-04-23T15:07:52","modified_gmt":"2023-04-23T15:07:52","slug":"contact-2","status":"publish","type":"page","link":"https:\/\/tosadori-fashion-design.com\/de\/contact-2\/","title":{"rendered":"Kontakt"},"content":{"rendered":"<div class=\"vc_row wpb_row vc_row-fluid\"><div class=\"wpb_column vc_column_container vc_col-sm-6\"><div class=\"vc_column-inner vc_custom_1467214267244\"><div class=\"wpb_wrapper\"> <h3 style=\"color:;padding:px;text-align:;font-size:20px;line-height:20px;letter-spacing: px;font-weight:bold\" class=\"nd_options_first_font\">Schreiben Sie uns eine Nachricht<\/h3> <div style=\"background-color:;height: 20px\" class=\"nicdark_section\"><\/div>\n\t<div class=\"wpb_text_column wpb_content_element\" >\n\t\t<div class=\"wpb_wrapper\">\n\t\t\t<p>Wir w\u00fcrden uns sehr freuen, von Ihnen zu h\u00f6ren. Bitte nutzen Sie entweder das untenstehende Formular oder schicken Sie uns eine Nachricht per Anruf, WhatsApp oder SMS.\"<\/p>\n<p>&nbsp;<\/p>\n<p>Wir hei\u00dfen Besucher auch in unserem Workshop willkommen, jedoch nur mit vorheriger Terminvereinbarung. Wenn Sie daran interessiert sind, f\u00fcllen Sie bitte das Formular mit den verf\u00fcgbaren Daten und Zeiten aus, und wir werden uns mit Ihnen in Verbindung setzen, um den Termin zu best\u00e4tigen.<\/p>\n\n\t\t<\/div>\n\t<\/div>\n<div style=\"background-color:;height: 20px\" class=\"nicdark_section\"><\/div>\n\n    <!--start form-->\n    <div id=\"nd_options_shortcode_cf7_1300\" class=\"nd_options_section\">\n      \n      <div class=\"nd_options_section nd_options_box_sizing_border_box\">\n        \n<div class=\"wpcf7 no-js\" id=\"wpcf7-f1300-o1\" lang=\"en-US\" dir=\"ltr\">\n<div class=\"screen-reader-response\"><p role=\"status\" aria-live=\"polite\" aria-atomic=\"true\"><\/p> <ul><\/ul><\/div>\n<form action=\"\/de\/wp-json\/wp\/v2\/pages\/487#wpcf7-f1300-o1\" method=\"post\" class=\"wpcf7-form init\" aria-label=\"Contact form\" novalidate=\"novalidate\" data-status=\"init\" data-trp-original-action=\"\/de\/wp-json\/wp\/v2\/pages\/487#wpcf7-f1300-o1\">\n<div style=\"display: none\">\n<input type=\"hidden\" name=\"_wpcf7\" value=\"1300\" \/>\n<input type=\"hidden\" name=\"_wpcf7_version\" value=\"5.9.8\" \/>\n<input type=\"hidden\" name=\"_wpcf7_locale\" value=\"en_US\" \/>\n<input type=\"hidden\" name=\"_wpcf7_unit_tag\" value=\"wpcf7-f1300-o1\" \/>\n<input type=\"hidden\" name=\"_wpcf7_container_post\" value=\"0\" \/>\n<input type=\"hidden\" name=\"_wpcf7_posted_data_hash\" value=\"\" \/>\n<\/div>\n<p><label> Name<br \/>\n<span class=\"wpcf7-form-control-wrap\" data-name=\"your-name\"><input size=\"40\" class=\"wpcf7-form-control wpcf7-text wpcf7-validates-as-required\" autocomplete=\"name\" aria-required=\"true\" aria-invalid=\"false\" value=\"\" type=\"text\" name=\"your-name\" \/><\/span> <\/label>\n<\/p>\n<p><label> E-mail Adresse<br \/>\n<span class=\"wpcf7-form-control-wrap\" data-name=\"your-email\"><input size=\"40\" class=\"wpcf7-form-control wpcf7-email wpcf7-validates-as-required wpcf7-text wpcf7-validates-as-email\" autocomplete=\"email\" aria-required=\"true\" aria-invalid=\"false\" value=\"\" type=\"email\" name=\"your-email\" \/><\/span> <\/label>\n<\/p>\n<p><label> Betreff<br \/>\n<span class=\"wpcf7-form-control-wrap\" data-name=\"your-subject\"><input size=\"40\" class=\"wpcf7-form-control wpcf7-text wpcf7-validates-as-required\" aria-required=\"true\" aria-invalid=\"false\" value=\"\" type=\"text\" name=\"your-subject\" \/><\/span> <\/label>\n<\/p>\n<p><label> Nachricht<br \/>\n<span class=\"wpcf7-form-control-wrap\" data-name=\"your-message\"><textarea cols=\"40\" rows=\"10\" class=\"wpcf7-form-control wpcf7-textarea\" aria-invalid=\"false\" name=\"your-message\"><\/textarea><\/span> <\/label>\n<\/p>\n<p><input class=\"wpcf7-form-control wpcf7-submit has-spinner\" type=\"submit\" value=\"Absenden\" \/>\n<\/p><div class=\"wpcf7-response-output\" aria-hidden=\"true\"><\/div>\n<input type=\"hidden\" name=\"trp-form-language\" value=\"de\"\/><\/form>\n<\/div>\n \n      <\/div>  \n\n    <\/div>\n    <!--end form-->\n\n   <\/div><\/div><\/div><div class=\"wpb_column vc_column_container vc_col-sm-6\"><div class=\"vc_column-inner vc_custom_1467214272039\"><div class=\"wpb_wrapper\"><div style=\"background-color:;height: 40px\" class=\"nicdark_section\"><\/div><div style=\"background-color:;height: 40px\" class=\"nicdark_section\"><\/div> <h3 style=\"color:#a4a4a4;padding:px;text-align:;font-size:20px;line-height:20px;letter-spacing: px;font-weight:bold\" class=\"nd_options_first_font\">\u00d6ffnungszeiten von 10:00 - 17:00<\/h3> <div style=\"background-color:;height: 10px\" class=\"nicdark_section\"><\/div><div class=\"vc_row wpb_row vc_inner vc_row-fluid\"><div class=\"wpb_column vc_column_container vc_col-sm-12\"><div class=\"vc_column-inner\"><div class=\"wpb_wrapper\">\n\n\n  <div class=\"nd_options_section  nd_options_display_table\">\n    <div class=\"nd_options_display_table_cell nd_options_vertical_align_middle nd_options_width_50_percentage nd_options_text_align_left nd_options_padding_10 nd_options_box_sizing_border_box\">\n      <h6 class=\"nd_options_first_font nd_options_margin_0 nd_options_padding_0\" style=\"color:\">PHONE :<\/h6>\n    <\/div>\n    <div class=\"nd_options_display_table_cell nd_options_vertical_align_middle nd_options_width_50_percentage nd_options_text_align_right nd_options_padding_10 nd_options_box_sizing_border_box\">\n      <p class=\"nd_options_second_font nd_options_margin_0 nd_options_padding_0\" style=\"color:#a4a4a4\">+49 177 5071871<\/p>\n    <\/div>\n  <\/div>\n\n\n   <div style=\"background-color:#f1f1f1;height: 2px\" class=\"nicdark_section\"><\/div>\n\n\n  <div class=\"nd_options_section  nd_options_display_table\">\n    <div class=\"nd_options_display_table_cell nd_options_vertical_align_middle nd_options_width_50_percentage nd_options_text_align_left nd_options_padding_10 nd_options_box_sizing_border_box\">\n      <h6 class=\"nd_options_first_font nd_options_margin_0 nd_options_padding_0\" style=\"color:\">EMAIL :<\/h6>\n    <\/div>\n    <div class=\"nd_options_display_table_cell nd_options_vertical_align_middle nd_options_width_50_percentage nd_options_text_align_right nd_options_padding_10 nd_options_box_sizing_border_box\">\n      <p class=\"nd_options_second_font nd_options_margin_0 nd_options_padding_0\" style=\"color:#a4a4a4\">bella@tosadori-fashion-design.com<\/p>\n    <\/div>\n  <\/div>\n\n\n   <\/div><\/div><\/div><\/div> <h3 style=\"color:;padding:px;text-align:;font-size:60px;line-height:60px;letter-spacing: px;font-weight:normal\" class=\"nd_options_first_font\">+49 177 5071871<\/h3> <\/div><\/div><\/div><\/div><div class=\"vc_row wpb_row vc_row-fluid\"><div class=\"wpb_column vc_column_container vc_col-sm-6\"><div class=\"vc_column-inner\"><div class=\"wpb_wrapper\"><div class=\"vc_empty_space\"   style=\"height: 32px\"><span class=\"vc_empty_space_inner\"><\/span><\/div>\n\t<div class=\"wpb_text_column wpb_content_element\" >\n\t\t<div class=\"wpb_wrapper\">\n\t\t\t<h2 id=\"What_Is_An_Impressum\">Impressum<\/h2>\n<p>&nbsp;<\/p>\n<p style=\"font-weight: 400;\">Reinke design<\/p>\n<p style=\"font-weight: 400;\">Kalscheurenerstrasse 66<\/p>\n<p style=\"font-weight: 400;\">50354 Hurth<\/p>\n<p style=\"font-weight: 400;\">Mobil: 00491775071871<\/p>\n<p style=\"font-weight: 400;\">E-Mail:\u00a0<a href=\"mailto:reineke-design@gmx.de\">reineke-design@gmx.de<\/a><\/p>\n<p style=\"font-weight: 400;\">UST ID NO: DE 329551814<\/p>\n\n\t\t<\/div>\n\t<\/div>\n<\/div><\/div><\/div><div class=\"wpb_column vc_column_container vc_col-sm-6\"><div class=\"vc_column-inner\"><div class=\"wpb_wrapper\"><\/div><\/div><\/div><\/div>","protected":false},"excerpt":{"rendered":"Drop us a line We would love to hear from you, please feel free to either fill in the form below or drop us a call, on WhatsApp or SMS message. &nbsp; We also welcome visitors to our workshop with prior appointments, if this is something you would like please fill in the form with [...]","protected":false},"author":1,"featured_media":0,"parent":0,"menu_order":0,"comment_status":"closed","ping_status":"closed","template":"","meta":{"footnotes":""},"_links":{"self":[{"href":"https:\/\/tosadori-fashion-design.com\/de\/wp-json\/wp\/v2\/pages\/487"}],"collection":[{"href":"https:\/\/tosadori-fashion-design.com\/de\/wp-json\/wp\/v2\/pages"}],"about":[{"href":"https:\/\/tosadori-fashion-design.com\/de\/wp-json\/wp\/v2\/types\/page"}],"author":[{"embeddable":true,"href":"https:\/\/tosadori-fashion-design.com\/de\/wp-json\/wp\/v2\/users\/1"}],"replies":[{"embeddable":true,"href":"https:\/\/tosadori-fashion-design.com\/de\/wp-json\/wp\/v2\/comments?post=487"}],"version-history":[{"count":13,"href":"https:\/\/tosadori-fashion-design.com\/de\/wp-json\/wp\/v2\/pages\/487\/revisions"}],"predecessor-version":[{"id":1338,"href":"https:\/\/tosadori-fashion-design.com\/de\/wp-json\/wp\/v2\/pages\/487\/revisions\/1338"}],"wp:attachment":[{"href":"https:\/\/tosadori-fashion-design.com\/de\/wp-json\/wp\/v2\/media?parent=487"}],"curies":[{"name":"wp","href":"https:\/\/api.w.org\/{rel}","templated":true}]}}